{"id":135,"date":"2020-05-09T13:04:12","date_gmt":"2020-05-09T11:04:12","guid":{"rendered":"https:\/\/lantarrago.factorianac.com\/?page_id=135"},"modified":"2024-09-12T13:43:43","modified_gmt":"2024-09-12T11:43:43","slug":"politica-de-cookies","status":"publish","type":"page","link":"https:\/\/lantarrago.factorianac.com\/es\/politica-de-cookies\/","title":{"rendered":"Pol\u00edtica de cookies"},"content":{"rendered":"<p>MARIO PONS, S.L le informa acerca del uso de las cookies en su p\u00e1gina web.<\/p><p>Las cookies son archivos que se pueden descargar en su equipo a trav\u00e9s de las p\u00e1ginas web. Son herramientas que tienen un papel esencial para la prestaci\u00f3n de numerosos servicios de la sociedad de la informaci\u00f3n. Entre otros, permiten a una p\u00e1gina web almacenar y recuperar informaci\u00f3n sobre los h\u00e1bitos de navegaci\u00f3n de un usuario o de su equipo y, dependiendo de la informaci\u00f3n obtenida, se pueden utilizar para reconocer al usuario y mejorar el servicio ofrecido.<\/p><h4 class=\"wp-block-heading\">Tipos de cookies\u00a0<\/h4><p>Seg\u00fan quien sea la entidad que gestione el dominio desde donde se env\u00edan las cookies y trate los datos que se obtengan se pueden distinguir dos tipos: <strong>cookies propias y cookies de terceros<\/strong>.<\/p><p>Existe tambi\u00e9n una segunda clasificaci\u00f3n seg\u00fan el plazo de tiempo que permanecen almacenadas en el navegador del cliente, pudiendo tratarse de <strong>cookies de sesi\u00f3n o cookies persistente<\/strong>s.<\/p><p>Por \u00faltimo, existe otra clasificaci\u00f3n con cinco tipos de cookies seg\u00fan la finalidad para la que se traten los datos obtenidos: <strong>cookies t\u00e9cnicas, cookies de personalizaci\u00f3n, cookies de an\u00e1lisis, cookies publicitarias y cookies de publicidad comportamental<\/strong>.<\/p><h4 class=\"wp-block-heading\">Cookies utilizadas en las redes<\/h4><p>A continuaci\u00f3n se identifican las cookies que est\u00e1n siendo utilizadas en este portal as\u00ed como su tipolog\u00eda y funci\u00f3n:<\/p><p>La p\u00e1gina web utiliza <strong>Google Analytics<\/strong>, un servicio de anal\u00edtica web desarrollada por Google, que permite la medici\u00f3n y an\u00e1lisis de la <strong>navegaci\u00f3n en las p\u00e1ginas web. En su navegador podr\u00e1 observar 4 cookies de este servicio<\/strong>. Seg\u00fan la tipolog\u00eda anterior se trata de cookies propias, de sesi\u00f3n y de an\u00e1lisis. Puede encontrar m\u00e1s informaci\u00f3n al respecto e inhabilitar el uso de estas cookies<\/p><p><a href=\"http:\/\/www.google.es\/intl\/es\/analytics\/privacyoverview.html\"><span style=\"text-decoration: underline;\">Google Analytics - Privacidad<\/span><\/a><\/p><p>A trav\u00e9s de la anal\u00edtica web se obtiene informaci\u00f3n relativa al n\u00famero de usuarios que acceden a la web, el n\u00famero de p\u00e1ginas vistas, la frecuencia y repetici\u00f3n de las visitas, su duraci\u00f3n, el navegador utilizado, el operador que presta el servicio, el idioma, el terminal que utiliza, o la ciudad a la que est\u00e1 asignada su direcci\u00f3n IP. Informaci\u00f3n que posibilita un mejor y m\u00e1s apropiado servicio por parte de este portal.<\/p><p>Otra de las cookies que se descargan es una cookie de tipo t\u00e9cnico denominada <strong>ASP.NET_SessionId<\/strong>. Esta cookie permite almacenar un identificador \u00fanico por sesi\u00f3n a trav\u00e9s del que es posible vincular datos necesarios para posibilitar la navegaci\u00f3n en curso.<\/p><h4 class=\"wp-block-heading\">Cookies de registro:\u00a0\u00a0<\/h4><p>Las cookies de registro se generan una vez que el Usuario se ha registrado o posteriormente ha abierto su sesi\u00f3n, y se utilizan para identificarle en las web y servicios con los siguientes objetivos:<\/p><p>\u2022 Mantener al usuario identificado de forma que, si cierra un servicio o web, el navegador o el ordenador y en otro momento u otro d\u00eda vuelve a entrar en dicho servicio o web, seguir\u00e1 identificado, facilitando as\u00ed su navegaci\u00f3n sin tener que volver a identificarse. Esta funcionalidad se puede suprimir si el usuario pulsa la funcionalidad \u201cSalir\u201d, de forma que esta cookie se elimina y la pr\u00f3xima vez que entre en la web el usuario tendr\u00e1 que iniciar sesi\u00f3n para estar identificado.<\/p><p>\u2022 Comprobar si el usuario est\u00e1 autorizado para acceder a ciertos servicios, por ejemplo, para participar en un concurso.<\/p><p>\u2022 Adicionalmente, algunos servicios pueden utilizar conectores de terceros tales como Facebook, Twitter o Google. Cuando el usuario se registra en un servicio con credenciales de una red social o sistema de identificaci\u00f3n de terceros, autoriza al mismo a guardar una cookie persistente que recuerda su identidad y le garantiza acceso a la web hasta que expira. El usuario puede borrar esta cookie y revocar el acceso a la web mediante redes sociales o sistema de identificaci\u00f3n de terceros actualizando sus preferencias en la red social que espec\u00edfica.<\/p><p>Por \u00faltimo, se descarga una cookie de tipo t\u00e9cnico denominada <strong>cookies_policy<\/strong> , propia, de tipo t\u00e9cnico y de sesi\u00f3n. Gestiona el consentimiento del usuario\u00a0para el uso de las cookies en la p\u00e1gina web, con el objeto de recordar aquellos usuarios que las han aceptado y aquellos que no, de modo que a los primeros no se les muestre informaci\u00f3n en la parte superior de la p\u00e1gina al respecto.<\/p><h4 class=\"wp-block-heading\">Aceptaci\u00f3n de la Pol\u00edtica de cookies<\/h4><p>Nuestra empresa asume que usted acepta el uso de cookies. No obstante, muestra informaci\u00f3n sobre su Pol\u00edtica de cookies en la parte superior de cualquier p\u00e1gina del portal con cada inicio de sesi\u00f3n con el objeto de que usted sea consciente.<\/p><p>Ante esta informaci\u00f3n es posible llevar a cabo las siguientes acciones:<\/p><ul class=\"wp-block-list\"><li><strong>Aceptar cookies<\/strong>. No se volver\u00e1 a visualizar este aviso al acceder a cualquier p\u00e1gina del portal durante la presente sesi\u00f3n.<\/li><li><strong>Cerrar<\/strong>. Se oculta el aviso en la presente p\u00e1gina.<\/li><li><strong>Modificar su configuraci\u00f3n<\/strong>. Podr\u00e1 obtener m\u00e1s informaci\u00f3n sobre qu\u00e9 son las cookies, conocer la Pol\u00edtica de cookies y modificar la configuraci\u00f3n de su navegador.<\/li><\/ul><p>C\u00f3mo modificar la configuraci\u00f3n de las cookies<\/p><p>Usted puede restringir, bloquear o borrar las cookies, utilizando su navegador. En cada navegador la operativa es diferente, la funci\u00f3n de 'Ayuda' le mostrar\u00e1 c\u00f3mo hacerlo.<\/p><p><strong>\u2022 <a href=\"https:\/\/windows.microsoft.com\/es-xl\/internet-explorer\/delete-manage-cookies#ie=ie-10\">Internet Explorer<\/a>.<\/strong><\/p><p><strong>\u2022 <a href=\"http:\/\/support.mozilla.org\/es\/kb\/Borrar%20cookies\">FireFox<\/a><\/strong><\/p><p><strong>\u2022 <a href=\"http:\/\/support.google.com\/chrome\/answer\/95647?hl=es\">Chrome<\/a><\/strong><\/p><p><strong>\u2022 <a href=\"http:\/\/www.apple.com\/es\/privacy\/use-of-cookies\/\">Safari<\/a><\/strong><\/p><p>Adem\u00e1s, tambi\u00e9n puede gestionar el almac\u00e9n de cookies en su navegador a trav\u00e9s de herramientas como las siguientes:<\/p><p><strong>\u2022 <a href=\"http:\/\/www.ghostery.com\/\">Ghostery<\/a><\/strong><\/p><p><strong>\u2022 <a href=\"http:\/\/www.youronlinechoices.com\/es\/\">Your line choices<\/a><\/strong><\/p>","protected":false},"excerpt":{"rendered":"<p>MARIO PONS, S.L le informa acerca del uso de las cookies en su p\u00e1gina web. Las cookies son archivos que...<\/p>\n","protected":false},"author":1,"featured_media":0,"parent":0,"menu_order":0,"comment_status":"closed","ping_status":"closed","template":"","meta":{"_acf_changed":false,"footnotes":""},"class_list":["post-135","page","type-page","status-publish","hentry"],"acf":[],"yoast_head":"<!-- This site is optimized with the Yoast SEO plugin v27.3 - https:\/\/yoast.com\/product\/yoast-seo-wordpress\/ -->\n<title>Pol\u00edtica de cookies - L&#039;Antarrag\u00f3 - Oli d&#039;oliva verge extra<\/title>\n<meta name=\"robots\" content=\"noindex, nofollow\" \/>\n<meta property=\"og:locale\" content=\"es_ES\" \/>\n<meta property=\"og:type\" content=\"article\" \/>\n<meta property=\"og:title\" content=\"Pol\u00edtica de cookies - L&#039;Antarrag\u00f3 - Oli d&#039;oliva verge extra\" \/>\n<meta property=\"og:description\" content=\"MARIO PONS, S.L le informa acerca del uso de las cookies en su p\u00e1gina web. Las cookies son archivos que...\" \/>\n<meta property=\"og:url\" content=\"https:\/\/www.lantarrago.com\/es\/politica-de-cookies\/\" \/>\n<meta property=\"og:site_name\" content=\"L&#039;Antarrag\u00f3\" \/>\n<meta property=\"article:modified_time\" content=\"2024-09-12T11:43:43+00:00\" \/>\n<meta name=\"twitter:card\" content=\"summary_large_image\" \/>\n<meta name=\"twitter:label1\" content=\"Tiempo de lectura\" \/>\n\t<meta name=\"twitter:data1\" content=\"5 minutos\" \/>\n<script type=\"application\/ld+json\" class=\"yoast-schema-graph\">{\"@context\":\"https:\\\/\\\/schema.org\",\"@graph\":[{\"@type\":\"WebPage\",\"@id\":\"https:\\\/\\\/www.lantarrago.com\\\/es\\\/politica-de-cookies\\\/\",\"url\":\"https:\\\/\\\/www.lantarrago.com\\\/es\\\/politica-de-cookies\\\/\",\"name\":\"Pol\u00edtica de cookies - L&#039;Antarrag\u00f3 - Oli d&#039;oliva verge extra\",\"isPartOf\":{\"@id\":\"https:\\\/\\\/www.lantarrago.com\\\/es\\\/#website\"},\"datePublished\":\"2020-05-09T11:04:12+00:00\",\"dateModified\":\"2024-09-12T11:43:43+00:00\",\"breadcrumb\":{\"@id\":\"https:\\\/\\\/www.lantarrago.com\\\/es\\\/politica-de-cookies\\\/#breadcrumb\"},\"inLanguage\":\"es\",\"potentialAction\":[{\"@type\":\"ReadAction\",\"target\":[\"https:\\\/\\\/www.lantarrago.com\\\/es\\\/politica-de-cookies\\\/\"]}]},{\"@type\":\"BreadcrumbList\",\"@id\":\"https:\\\/\\\/www.lantarrago.com\\\/es\\\/politica-de-cookies\\\/#breadcrumb\",\"itemListElement\":[{\"@type\":\"ListItem\",\"position\":1,\"name\":\"Portada\",\"item\":\"https:\\\/\\\/www.lantarrago.com\\\/es\\\/\"},{\"@type\":\"ListItem\",\"position\":2,\"name\":\"Pol\u00edtica de cookies\"}]},{\"@type\":\"WebSite\",\"@id\":\"https:\\\/\\\/www.lantarrago.com\\\/es\\\/#website\",\"url\":\"https:\\\/\\\/www.lantarrago.com\\\/es\\\/\",\"name\":\"L&#039;Antarrag\u00f3\",\"description\":\"Oli d&#039;oliva verge extra\",\"potentialAction\":[{\"@type\":\"SearchAction\",\"target\":{\"@type\":\"EntryPoint\",\"urlTemplate\":\"https:\\\/\\\/www.lantarrago.com\\\/es\\\/?s={search_term_string}\"},\"query-input\":{\"@type\":\"PropertyValueSpecification\",\"valueRequired\":true,\"valueName\":\"search_term_string\"}}],\"inLanguage\":\"es\"}]}<\/script>\n<!-- \/ Yoast SEO plugin. -->","yoast_head_json":{"title":"Pol\u00edtica de cookies - L&#039;Antarrag\u00f3 - Oli d&#039;oliva verge extra","robots":{"index":"noindex","follow":"nofollow"},"og_locale":"es_ES","og_type":"article","og_title":"Pol\u00edtica de cookies - L&#039;Antarrag\u00f3 - Oli d&#039;oliva verge extra","og_description":"MARIO PONS, S.L le informa acerca del uso de las cookies en su p\u00e1gina web. Las cookies son archivos que...","og_url":"https:\/\/www.lantarrago.com\/es\/politica-de-cookies\/","og_site_name":"L&#039;Antarrag\u00f3","article_modified_time":"2024-09-12T11:43:43+00:00","twitter_card":"summary_large_image","twitter_misc":{"Tiempo de lectura":"5 minutos"},"schema":{"@context":"https:\/\/schema.org","@graph":[{"@type":"WebPage","@id":"https:\/\/www.lantarrago.com\/es\/politica-de-cookies\/","url":"https:\/\/www.lantarrago.com\/es\/politica-de-cookies\/","name":"Pol\u00edtica de cookies - L&#039;Antarrag\u00f3 - Oli d&#039;oliva verge extra","isPartOf":{"@id":"https:\/\/www.lantarrago.com\/es\/#website"},"datePublished":"2020-05-09T11:04:12+00:00","dateModified":"2024-09-12T11:43:43+00:00","breadcrumb":{"@id":"https:\/\/www.lantarrago.com\/es\/politica-de-cookies\/#breadcrumb"},"inLanguage":"es","potentialAction":[{"@type":"ReadAction","target":["https:\/\/www.lantarrago.com\/es\/politica-de-cookies\/"]}]},{"@type":"BreadcrumbList","@id":"https:\/\/www.lantarrago.com\/es\/politica-de-cookies\/#breadcrumb","itemListElement":[{"@type":"ListItem","position":1,"name":"Portada","item":"https:\/\/www.lantarrago.com\/es\/"},{"@type":"ListItem","position":2,"name":"Pol\u00edtica de cookies"}]},{"@type":"WebSite","@id":"https:\/\/www.lantarrago.com\/es\/#website","url":"https:\/\/www.lantarrago.com\/es\/","name":"L&#039;Antarrag\u00f3","description":"Oli d&#039;oliva verge extra","potentialAction":[{"@type":"SearchAction","target":{"@type":"EntryPoint","urlTemplate":"https:\/\/www.lantarrago.com\/es\/?s={search_term_string}"},"query-input":{"@type":"PropertyValueSpecification","valueRequired":true,"valueName":"search_term_string"}}],"inLanguage":"es"}]}},"_links":{"self":[{"href":"https:\/\/lantarrago.factorianac.com\/es\/wp-json\/wp\/v2\/pages\/135","targetHints":{"allow":["GET"]}}],"collection":[{"href":"https:\/\/lantarrago.factorianac.com\/es\/wp-json\/wp\/v2\/pages"}],"about":[{"href":"https:\/\/lantarrago.factorianac.com\/es\/wp-json\/wp\/v2\/types\/page"}],"author":[{"embeddable":true,"href":"https:\/\/lantarrago.factorianac.com\/es\/wp-json\/wp\/v2\/users\/1"}],"replies":[{"embeddable":true,"href":"https:\/\/lantarrago.factorianac.com\/es\/wp-json\/wp\/v2\/comments?post=135"}],"version-history":[{"count":1,"href":"https:\/\/lantarrago.factorianac.com\/es\/wp-json\/wp\/v2\/pages\/135\/revisions"}],"predecessor-version":[{"id":1397,"href":"https:\/\/lantarrago.factorianac.com\/es\/wp-json\/wp\/v2\/pages\/135\/revisions\/1397"}],"wp:attachment":[{"href":"https:\/\/lantarrago.factorianac.com\/es\/wp-json\/wp\/v2\/media?parent=135"}],"curies":[{"name":"wp","href":"https:\/\/api.w.org\/{rel}","templated":true}]}}