{"id":137,"date":"2020-05-09T13:04:26","date_gmt":"2020-05-09T11:04:26","guid":{"rendered":"https:\/\/lantarrago.factorianac.com\/?page_id=137"},"modified":"2024-09-12T13:43:43","modified_gmt":"2024-09-12T11:43:43","slug":"aviso-legal","status":"publish","type":"page","link":"https:\/\/lantarrago.factorianac.com\/es\/aviso-legal\/","title":{"rendered":"Aviso Legal"},"content":{"rendered":"<p>Bienvenido a la p\u00e1gina web de L\u2019ANTARRAG\u00d3.<\/p><p>A continuaci\u00f3n, le exponemos las condiciones de uso de esta p\u00e1gina web. La navegaci\u00f3n por esta p\u00e1gina web le otorga el rol de usuario de la misma y, por tanto, acepta las cl\u00e1usulas detalladas en este documento.<\/p><h4 class=\"wp-block-heading\">IDENTIFICACI\u00d3N<\/h4><p>De conformidad con lo que dispone el art\u00edculo 10 de la Ley 34\/2002, de 11 de julio, de Servicios de Sociedad de la Informaci\u00f3n y Comercio Electr\u00f3nico, se informa que <a href=\"https:\/\/www.lantarrago.com\/\">https:\/\/www.lantarrago.com\/<\/a> es un dominio de la empresa MARIO PONS, S.L. con domicilio social en la Plaza Sant Joan 8, 4 3\u00ba. 25007 Lleida, tel\u00e9fono+34 973239887 y mail <a href=\"mailto:info@lantarrago.com\">info@lantarrago.com<\/a><\/p><p>La sociedad se denomina MARIO PONS, S.L. con CIF: B25780843 que figura inscrita en el Registro Mercantil de Lleida, Tomo 1388, Folio 92, Hoja L-27.838, 1\u00aa. Inscripci\u00f3n.<\/p><h4 class=\"wp-block-heading\">NORMAS DE UTILIZACI\u00d3N<\/h4><p>El Usuario se compromete a hacer un uso adecuado y l\u00edcito del sitio web as\u00ed como de los contenidos y servicios, de conformidad con la legislaci\u00f3n aplicable en cada momento, la moral y buenas costumbres generalmente aceptadas y el orden p\u00fablico.<\/p><p>Queda prohibido realizar, por su parte, cualquier acci\u00f3n que pueda provocar alteraciones de los contenidos de esta web o un mal funcionamiento de la misma, incluyendo la introducci\u00f3n de virus o similares.<\/p><h4 class=\"wp-block-heading\">PROPIEDAD INTELECTUAL<\/h4><p>Las p\u00e1ginas de la web y la informaci\u00f3n o los elementos que contiene, incluyen textos, documentos, fotograf\u00edas, dibujos, representaciones gr\u00e1ficas, bases de datos, v\u00eddeos y tambi\u00e9n logotipos, marcas, nombres comerciales, u otros signos distintivos, est\u00e1n protegidos por derechos de propiedad intelectual o industrial, de los cuales MARIO PONS, S.L. es titular o licenciataria leg\u00edtima.<\/p><p>Queda prohibida cualquier modalidad de explotaci\u00f3n, incluyendo cualquier tipo de reproducci\u00f3n, distribuci\u00f3n, cesi\u00f3n a terceros, comunicaci\u00f3n p\u00fablica y transformaci\u00f3n, mediante cualquier tipo de apoyo y medio, sin la autorizaci\u00f3n previa y expresa.<\/p><h4 class=\"wp-block-heading\">RESPONSABILIDAD<\/h4><p>Nuestra intenci\u00f3n es la de ofrecer un sitio web que ofrezca un funcionamiento continuado y de m\u00e1xima calidad.<\/p><p>De todas formas, le informamos que no podemos garantizar el acceso continuado, y que las p\u00e1ginas se puedan encontrar impedidas, o interrumpidas por factores o circunstancias ajenas a nuestra voluntad.<\/p><p>MARIO PONS, S.L. no es responsable de la informaci\u00f3n y otros contenidos integrados en espacios o p\u00e1ginas web de terceros accesibles mediante enlaces, hiperv\u00ednculos o links.<\/p><p>MARIO PONS, S.L. no se hace responsable de los perjuicios que se pudieran derivar, entre otros, de:<\/p><ul class=\"wp-block-list\"><li>Interferencias, interrupciones, fallos, omisiones, aver\u00edas telef\u00f3nicas, retrasos, bloqueos o desconexiones en el funcionamiento del sistema electr\u00f3nico, motivadas por deficiencias, sobrecargas y errores en las l\u00edneas y redes de telecomunicaciones<\/li><\/ul><ul class=\"wp-block-list\"><li>Intromisiones ileg\u00edtimas mediante el uso de programas malignos de cualquier tipo y a trav\u00e9s de cualquier medio de comunicaci\u00f3n.<\/li><\/ul><ul class=\"wp-block-list\"><li>Uso indebido o inadecuado del sitio web.<\/li><\/ul><ul class=\"wp-block-list\"><li>Errores producidos por un mal funcionamiento del navegador o por el uso de versiones no actualizadas del mismo.<\/li><\/ul><p>EL usuario, en caso de causar da\u00f1os y perjuicios por un uso il\u00edcito o incorrecto de este sitio web, podr\u00e1 ser reclamado de los da\u00f1os o perjuicios causados.<\/p><p>Asimismo, el usuario responder\u00e1 frente a cualquier da\u00f1o y perjuicio, que se derive del uso por su parte de \u201crobots\u201d, \u201cspiders\u201d, \u2026 o herramientas similares empleadas con el fin de recabar o extraer datos o de cualquier otra actuaci\u00f3n por su parte que imponga una carga irrazonable sobre el funcionamiento del sitio web.<\/p><h4 class=\"wp-block-heading\">LEGISLACI\u00d3N<\/h4><p>Para la resoluci\u00f3n de cualquier conflicto que pueda surgir con ocasi\u00f3n de la visita a nuestra web aconsejamos que se contacte directamente con nosotros a trav\u00e9s de los datos de contacto que ofrecemos exponiendo su caso, con la finalidad de llegar a un acuerdo amistoso entre las dos partes.<\/p><p>En caso contrario, la ley aplicable en caso de disputa o conflicto de interpretaci\u00f3n de los t\u00e9rminos que conforman este aviso legal, as\u00ed como cualquier cuesti\u00f3n relacionada con los servicios y productos del presente portal, ser\u00e1 la ley espa\u00f1ola.<\/p><p>Nuestra empresa y el Usuario acuerdan someterse a los Jueces y Tribunales de domicilio del Usuario, siempre que el mismo est\u00e9 situado en territorio espa\u00f1ol y act\u00fae en condici\u00f3n de consumidor.<\/p>","protected":false},"excerpt":{"rendered":"<p>Bienvenido a la p\u00e1gina web de L\u2019ANTARRAG\u00d3. A continuaci\u00f3n, le exponemos las condiciones de uso de esta p\u00e1gina web. La...<\/p>\n","protected":false},"author":1,"featured_media":0,"parent":0,"menu_order":0,"comment_status":"closed","ping_status":"closed","template":"","meta":{"_acf_changed":false,"footnotes":""},"class_list":["post-137","page","type-page","status-publish","hentry"],"acf":[],"yoast_head":"<!-- This site is optimized with the Yoast SEO plugin v27.3 - https:\/\/yoast.com\/product\/yoast-seo-wordpress\/ -->\n<title>Aviso Legal - L&#039;Antarrag\u00f3 - Oli d&#039;oliva verge extra<\/title>\n<meta name=\"robots\" content=\"noindex, nofollow\" \/>\n<meta property=\"og:locale\" content=\"es_ES\" \/>\n<meta property=\"og:type\" content=\"article\" \/>\n<meta property=\"og:title\" content=\"Aviso Legal - L&#039;Antarrag\u00f3 - Oli d&#039;oliva verge extra\" \/>\n<meta property=\"og:description\" content=\"Bienvenido a la p\u00e1gina web de L\u2019ANTARRAG\u00d3. A continuaci\u00f3n, le exponemos las condiciones de uso de esta p\u00e1gina web. La...\" \/>\n<meta property=\"og:url\" content=\"https:\/\/www.lantarrago.com\/es\/aviso-legal\/\" \/>\n<meta property=\"og:site_name\" content=\"L&#039;Antarrag\u00f3\" \/>\n<meta property=\"article:modified_time\" content=\"2024-09-12T11:43:43+00:00\" \/>\n<meta name=\"twitter:card\" content=\"summary_large_image\" \/>\n<meta name=\"twitter:label1\" content=\"Tiempo de lectura\" \/>\n\t<meta name=\"twitter:data1\" content=\"4 minutos\" \/>\n<script type=\"application\/ld+json\" class=\"yoast-schema-graph\">{\"@context\":\"https:\\\/\\\/schema.org\",\"@graph\":[{\"@type\":\"WebPage\",\"@id\":\"https:\\\/\\\/www.lantarrago.com\\\/es\\\/aviso-legal\\\/\",\"url\":\"https:\\\/\\\/www.lantarrago.com\\\/es\\\/aviso-legal\\\/\",\"name\":\"Aviso Legal - L&#039;Antarrag\u00f3 - Oli d&#039;oliva verge extra\",\"isPartOf\":{\"@id\":\"https:\\\/\\\/www.lantarrago.com\\\/es\\\/#website\"},\"datePublished\":\"2020-05-09T11:04:26+00:00\",\"dateModified\":\"2024-09-12T11:43:43+00:00\",\"breadcrumb\":{\"@id\":\"https:\\\/\\\/www.lantarrago.com\\\/es\\\/aviso-legal\\\/#breadcrumb\"},\"inLanguage\":\"es\",\"potentialAction\":[{\"@type\":\"ReadAction\",\"target\":[\"https:\\\/\\\/www.lantarrago.com\\\/es\\\/aviso-legal\\\/\"]}]},{\"@type\":\"BreadcrumbList\",\"@id\":\"https:\\\/\\\/www.lantarrago.com\\\/es\\\/aviso-legal\\\/#breadcrumb\",\"itemListElement\":[{\"@type\":\"ListItem\",\"position\":1,\"name\":\"Portada\",\"item\":\"https:\\\/\\\/www.lantarrago.com\\\/es\\\/\"},{\"@type\":\"ListItem\",\"position\":2,\"name\":\"Aviso Legal\"}]},{\"@type\":\"WebSite\",\"@id\":\"https:\\\/\\\/www.lantarrago.com\\\/es\\\/#website\",\"url\":\"https:\\\/\\\/www.lantarrago.com\\\/es\\\/\",\"name\":\"L&#039;Antarrag\u00f3\",\"description\":\"Oli d&#039;oliva verge extra\",\"potentialAction\":[{\"@type\":\"SearchAction\",\"target\":{\"@type\":\"EntryPoint\",\"urlTemplate\":\"https:\\\/\\\/www.lantarrago.com\\\/es\\\/?s={search_term_string}\"},\"query-input\":{\"@type\":\"PropertyValueSpecification\",\"valueRequired\":true,\"valueName\":\"search_term_string\"}}],\"inLanguage\":\"es\"}]}<\/script>\n<!-- \/ Yoast SEO plugin. -->","yoast_head_json":{"title":"Aviso Legal - L&#039;Antarrag\u00f3 - Oli d&#039;oliva verge extra","robots":{"index":"noindex","follow":"nofollow"},"og_locale":"es_ES","og_type":"article","og_title":"Aviso Legal - L&#039;Antarrag\u00f3 - Oli d&#039;oliva verge extra","og_description":"Bienvenido a la p\u00e1gina web de L\u2019ANTARRAG\u00d3. A continuaci\u00f3n, le exponemos las condiciones de uso de esta p\u00e1gina web. La...","og_url":"https:\/\/www.lantarrago.com\/es\/aviso-legal\/","og_site_name":"L&#039;Antarrag\u00f3","article_modified_time":"2024-09-12T11:43:43+00:00","twitter_card":"summary_large_image","twitter_misc":{"Tiempo de lectura":"4 minutos"},"schema":{"@context":"https:\/\/schema.org","@graph":[{"@type":"WebPage","@id":"https:\/\/www.lantarrago.com\/es\/aviso-legal\/","url":"https:\/\/www.lantarrago.com\/es\/aviso-legal\/","name":"Aviso Legal - L&#039;Antarrag\u00f3 - Oli d&#039;oliva verge extra","isPartOf":{"@id":"https:\/\/www.lantarrago.com\/es\/#website"},"datePublished":"2020-05-09T11:04:26+00:00","dateModified":"2024-09-12T11:43:43+00:00","breadcrumb":{"@id":"https:\/\/www.lantarrago.com\/es\/aviso-legal\/#breadcrumb"},"inLanguage":"es","potentialAction":[{"@type":"ReadAction","target":["https:\/\/www.lantarrago.com\/es\/aviso-legal\/"]}]},{"@type":"BreadcrumbList","@id":"https:\/\/www.lantarrago.com\/es\/aviso-legal\/#breadcrumb","itemListElement":[{"@type":"ListItem","position":1,"name":"Portada","item":"https:\/\/www.lantarrago.com\/es\/"},{"@type":"ListItem","position":2,"name":"Aviso Legal"}]},{"@type":"WebSite","@id":"https:\/\/www.lantarrago.com\/es\/#website","url":"https:\/\/www.lantarrago.com\/es\/","name":"L&#039;Antarrag\u00f3","description":"Oli d&#039;oliva verge extra","potentialAction":[{"@type":"SearchAction","target":{"@type":"EntryPoint","urlTemplate":"https:\/\/www.lantarrago.com\/es\/?s={search_term_string}"},"query-input":{"@type":"PropertyValueSpecification","valueRequired":true,"valueName":"search_term_string"}}],"inLanguage":"es"}]}},"_links":{"self":[{"href":"https:\/\/lantarrago.factorianac.com\/es\/wp-json\/wp\/v2\/pages\/137","targetHints":{"allow":["GET"]}}],"collection":[{"href":"https:\/\/lantarrago.factorianac.com\/es\/wp-json\/wp\/v2\/pages"}],"about":[{"href":"https:\/\/lantarrago.factorianac.com\/es\/wp-json\/wp\/v2\/types\/page"}],"author":[{"embeddable":true,"href":"https:\/\/lantarrago.factorianac.com\/es\/wp-json\/wp\/v2\/users\/1"}],"replies":[{"embeddable":true,"href":"https:\/\/lantarrago.factorianac.com\/es\/wp-json\/wp\/v2\/comments?post=137"}],"version-history":[{"count":1,"href":"https:\/\/lantarrago.factorianac.com\/es\/wp-json\/wp\/v2\/pages\/137\/revisions"}],"predecessor-version":[{"id":1385,"href":"https:\/\/lantarrago.factorianac.com\/es\/wp-json\/wp\/v2\/pages\/137\/revisions\/1385"}],"wp:attachment":[{"href":"https:\/\/lantarrago.factorianac.com\/es\/wp-json\/wp\/v2\/media?parent=137"}],"curies":[{"name":"wp","href":"https:\/\/api.w.org\/{rel}","templated":true}]}}