{"id":3,"date":"2020-03-21T15:19:26","date_gmt":"2020-03-21T14:19:26","guid":{"rendered":"https:\/\/lantarrago.factorianac.com\/?page_id=3"},"modified":"2024-09-12T13:43:43","modified_gmt":"2024-09-12T11:43:43","slug":"politica-de-proteccion-de-datos-personales","status":"publish","type":"page","link":"https:\/\/lantarrago.factorianac.com\/es\/politica-de-proteccion-de-datos-personales\/","title":{"rendered":"Pol\u00edtica de protecci\u00f3n de datos personales"},"content":{"rendered":"<h4 class=\"unh4special wp-block-heading\">Alcance de la pol\u00edtica de protecci\u00f3n de datos personales<\/h4><p>Esta pol\u00edtica de protecci\u00f3n de datos de car\u00e1cter personal abarca cualquier tratamiento de datos que pueda producirse al navegar o interaccionar por cualquiera de nuestras p\u00e1ginas web o las redes sociales en las que podamos tener presencia. Al final de este documento se especifica informaci\u00f3n especial en el caso del uso de las redes sociales. Tambi\u00e9n se aplicar\u00e1 a cualquier procedimiento interno de la empresa que requiera la recogida de datos, ya sea en formularios en formato papel o cualquier otro sistema.<\/p><p>En cualquiera de estos medios, usted puede consultar informaci\u00f3n, y en algunos casos rellenar formularios, contestar encuestas, participar en concursos, realizar consultas, enviar fotograf\u00edas, realizar comentarios, etc.\u2026 y, por lo tanto, proporcionarnos informaci\u00f3n de datos de car\u00e1cter personal. Todos los tratamientos est\u00e1n sujetos a nuestra pol\u00edtica de privacidad.<\/p><h4 class=\"wp-block-heading\">\u00bfQui\u00e9n es el responsable del Tratamiento de sus datos personales?<\/h4><p>En cumplimiento de lo establecido en el Reglamento (UE) 2016\/679 del Parlamento Europeo\u00a0y\u00a0del Consejo de 27 de abril del 2016 y la Ley Org\u00e1nica 3\/2018, de 5 de diciembre, de Protecci\u00f3n de Datos Personales y garant\u00eda de los derechos digitales, informamos, que los datos de car\u00e1cter personal que nos proporcione ser\u00e1n tratados por MARIO PONS, S.L. con domicilio social en Pl. Sant Joan, 8 4 3\u00ba 25007 Lleida, Tlf: +34 973239887. CIF B25780843, Correo electr\u00f3nico <a href=\"mailto:info@lantarrago.com\">info@lantarrago.com<\/a><\/p><h4 class=\"wp-block-heading\">\u00bfQu\u00e9 Datos Personales se recogen y finalidad de los mismos?<\/h4><p>Detallamos, los datos personales que gestiona, as\u00ed como sus finalidades.<\/p><table><tbody><tr><td><strong>Tratamiento<\/strong><\/td><td><strong>CLIENTES<\/strong><\/td><\/tr><tr><td><strong>Finalidad<\/strong><\/td><td>Gestionar los datos de los clientes para gestionar su pedido.<\/td><\/tr><tr><td><strong>Categor\u00edas de los datos<\/strong><\/td><td>Clientes<\/td><\/tr><tr><td><strong>Datos<\/strong><\/td><td>Datos identificativos: Nombre y apellidos, DNI, direcci\u00f3n, tel\u00e9fono, mail. Tarjeta de cr\u00e9dito.<\/td><\/tr><tr><td><strong>Legitimaci\u00f3n<\/strong><\/td><td>Relaci\u00f3n contractual.&nbsp;<\/td><\/tr><tr><td><strong>Procedencia<\/strong><\/td><td>Del propio interesado.<\/td><\/tr><tr><td><strong>Destinatarios<\/strong><\/td><td>Las previstas&nbsp; por normativa.<\/td><\/tr><tr><td><strong>Tiempo de conservaci\u00f3n<\/strong><\/td><td>Las previstas  por normativa.<\/td><\/tr><tr><td><strong>Transferencias internacionales<\/strong><\/td><td>No hay transferencia internacional de datos.<\/td><\/tr><\/tbody><\/table><table><tbody><tr><td><strong>Tratamiento<\/strong><\/td><td><strong>INFORMACI\u00d3N<\/strong><\/td><\/tr><tr><td><strong>Finalidad<\/strong><\/td><td>Responder las peticiones de informaci\u00f3n que se recepcionan por la web.<\/td><\/tr><tr><td><strong>Categor\u00edas de datos<\/strong><\/td><td>Personas que solicitan informaci\u00f3n.<\/td><\/tr><tr><td><strong>Datos<\/strong><\/td><td>Nombre, apellidos, mail, tel\u00e9fono.<\/td><\/tr><tr><td><strong>Legitimaci\u00f3n<\/strong><\/td><td>Inter\u00e9s leg\u00edtimo.<\/td><\/tr><tr><td><strong>Procedencia<\/strong><\/td><td>Del propio interesado.<\/td><\/tr><tr><td><strong>Destinatarios<\/strong><\/td><td>No hay comunicaciones de los datos.<\/td><\/tr><tr><td><strong>Conservaci\u00f3n<\/strong><\/td><td>Hasta que se haya gestionado la petici\u00f3n.<\/td><\/tr><tr><td><strong>Transferencias internacionales<\/strong><\/td><td>No existen transferencias internacionales de datos.td><\/tr><\/tbody><\/table><table><tbody><tr><td><strong>Tratamiento<\/strong><\/td><td><strong>NEWSLETTER<\/strong><\/td><\/tr><tr><td><strong>Finalidad<\/strong><\/td><td>Env\u00edo de informaci\u00f3n sobre productos de la empresa.<\/td><\/tr><tr><td><strong>Categor\u00edas de datos<\/strong><\/td><td>Personas que solicitan informaci\u00f3n.<\/td><\/tr><tr><td><strong>Datos<\/strong><\/td><td>Nombre, apellidos, mail, tel\u00e9fono.<\/td><\/tr><tr><td><strong>Legitimaci\u00f3n<\/strong><\/td><td>Consentimiento. \u00c9ste puede ser revocado en cualquier momento.<\/td><\/tr><tr><td><strong>Procedencia<\/strong><\/td><td>Del propio interesado.<\/td><\/tr><tr><td><strong>Destinatarios<\/strong><\/td><td>No hay comunicaciones de los datos.<\/td><\/tr><tr><td><strong>Conservaci\u00f3n<\/strong><\/td><td>Hasta que se ejerza el derecho de oposici\u00f3n y\/o supresi\u00f3n.<\/td><\/tr><tr><td><strong>Transferencias internacionales<\/strong><\/td><td>No existen transferencias internacionales de datos.<\/td><\/tr><\/tbody><\/table><p>Su consentimiento puede ser revocado en cualquier momento.<\/p><p>MARIO PONS, S.L. utiliza herramientas para analizar perfiles, comportamientos o preferencias de los usuarios y posteriormente realizar campa\u00f1as dirigidas en funci\u00f3n de estos datos.<\/p><h4 class=\"wp-block-heading\">\u00bfPor qu\u00e9 raz\u00f3n utilizamos sus datos personales?<\/h4><p>A continuaci\u00f3n, le explicamos la base legal que nos permite tratar sus datos personales.<\/p><p>1. En cumplimiento de una relaci\u00f3n contractual.<\/p><p>2. Cuando nos da su consentimiento.<\/p><p>3. Por inter\u00e9s leg\u00edtimo de MARIO PONS, S.L. para mostrarle servicios, productos e iniciativas que puedan interesarle.<\/p><p>4. Cumplimiento de obligaciones impuestas por Ley.<\/p><p>Les recordamos que puede revocar su consentimiento en cualquier momento en la siguiente direcci\u00f3n: <a href=\"mailto:info@lantarrago.com\">info@lantarrago.com<\/a><\/p><h4 class=\"wp-block-heading\">Publicaciones de fotos o videos en la p\u00e1gina web o en las redes sociales<\/h4><p>Para la publicaci\u00f3n de fotograf\u00edas o videos de nuestros trabajadores, clientes, usuarios o menores en la web o redes sociales, al igual que para recopilar datos para realizar un concurso o tratar cualquier otro dato personal, previamente obtenemos el\u00a0consentimiento\u00a0previo, expl\u00edcito, indiscutible\u00a0e informado del titular que, en el caso de los menores de 14 a\u00f1os, se otorga por los padres o tutores legales.<\/p><p>El tratamiento de estas fotos, acata\u00a0el principio de\u00a0proporcionalidad, es decir, solo se tratan estrictamente para la finalidad para la que se ha prestado el consentimiento.<\/p><h4 class=\"wp-block-heading\">Datos no pertinentes<\/h4><p>MARIO PONS, S.L. advierte al usuario de que, salvo la existencia de una representaci\u00f3n legalmente constituida, ning\u00fan usuario puede utilizar la identidad de otra persona y comunicar sus datos personales, por lo que el usuario en todo momento deber\u00e1 tener en cuenta que solo puede proporcionar datos personales correspondientes a su propia identidad y que sean adecuados, pertinentes, actuales, exactos y verdaderos<\/p><h4 class=\"wp-block-heading\">\u00bfCu\u00e1nto tiempo conservaremos sus datos?<\/h4><p>MARIO PONS, S.L. guarda sus Datos Personales mientras sea necesario para el fin por el que fueron recopilados. Si la directriz es distinta a la indicada en esta pol\u00edtica se detalla en el documento pertinente.<\/p><h4 class=\"wp-block-heading\">\u00bfA qui\u00e9n comunicaremos sus datos?<\/h4><p>MARIO PONS, S.L. solamente ceder\u00e1 sus datos en aquellos servicios en los que se indica y en los casos previstos por una ley. No se realizar\u00e1n transferencias internacionales de sus datos personales.<\/p><p>En el caso de las redes sociales, toda la informaci\u00f3n y contenidos publicados por el usuario\u00a0ser\u00e1n objeto de comunicaci\u00f3n y compartidos con el resto de los usuarios que consulten esta red social, por la propia naturaleza del servicio.<\/p><h4 class=\"wp-block-heading\">Medidas de seguridad<\/h4><p>MARIO PONS, S.L. asegura la absoluta confidencialidad y privacidad de los datos personales recogidos y por ello se han adoptado medidas esenciales de seguridad para evitar la alteraci\u00f3n, p\u00e9rdida, tratamiento o acceso no autorizado y garantizar as\u00ed su integridad y seguridad.<\/p><p>El Usuario se compromete a hacer un uso diligente y a no poner a la disposici\u00f3n de terceros su nombre de usuario y contrase\u00f1a, as\u00ed mismo se compromete a llevar a disposici\u00f3n de la empresa cualquier, robo, p\u00e9rdida o riesgo de acceso de terceros a su usuario.<\/p><h4 class=\"wp-block-heading\">\u00bfCu\u00e1les son sus derechos cuando nos facilita sus datos personales?<\/h4><table><tbody><tr><td><strong>DERECHO<\/strong><\/td><td><strong>CONTENIDO<\/strong><\/td><\/tr><tr><td>Acceso<\/td><td>Podr\u00e1 consultar los datos personales gestionados por MARIO PONS, S.L.&nbsp;<\/td><\/tr><tr><td>Rectificaci\u00f3n<\/td><td>Podr\u00e1 modificar sus datos personales cuando sean inexactos.<\/td><\/tr><tr><td>Supresi\u00f3n<\/td><td>Podr\u00e1 solicitar la eliminaci\u00f3n de sus datos personales<\/td><\/tr><tr><td>Oposici\u00f3n<\/td><td>Podr\u00e1 solicitar que no se traten sus datos personales.<\/td><\/tr><tr><td>Limitaci\u00f3n del tratamiento<\/td><td>Podr\u00e1s solicitar la limitaci\u00f3n al tratamiento de tus datos en los siguientes casos: Mientras se comprueba la impugnaci\u00f3n de la exactitud de tus datos Cuando MARIO PONS, S.L..  no necesite tratar sus datos, pero usted los necesites para el ejercicio o defensa de reclamaciones.<br><\/td><\/tr><tr><td>Portabilidad&nbsp;<\/td><td>Podr\u00e1 recibir en formato electr\u00f3nico los datos que nos haya facilitado en formato electr\u00f3nico<\/td><\/tr><tr><\/tr><\/tbody><\/table><p><strong>CANAL DE ATENCI\u00d3N<\/strong><br><a href=\"mailto:info@lantarrago.com\">info@lantarrago.com<\/a><\/p><p>Si considera que no hemos tratado sus datos personales de acuerdo con la normativa puedes contactar con el Delegado de Protecci\u00f3n de Datos en la direcci\u00f3n <a href=\"mailto:info@lantarrago.com\">info@lantarrago.com<\/a><\/p><p>No obstante, podr\u00e1 presentar una reclamaci\u00f3n ante la Agencia Espa\u00f1ola de Protecci\u00f3n de Datos (<a href=\"http:\/\/www.agpd.es\">www.agpd.es<\/a>). Para ejercitar sus derechos, acompa\u00f1e su solicitud una copia de su DNI o documento acreditativo de tu identidad. El ejercicio de sus derechos es gratuito<\/p><h4 class=\"wp-block-heading\">Redes sociales<\/h4><p>El funcionamiento de las redes sociales no est\u00e1 bajo el control de MARIO PONS, S.L., y por lo tanto la informaci\u00f3n que publique ser\u00e1 compartida por todos los usuarios que las consulten. As\u00ed mismo, estas redes permiten la interacci\u00f3n con otros usuarios, y por lo tanto, a continuaci\u00f3n, se detallan unas premisas que debe tener en cuenta.<\/p><p>El objeto de la utilizaci\u00f3n de las redes sociales es dar visibilidad y difusi\u00f3n de los productos que desarrolla MARIO PONS, S.L.<\/p><p>En principio, se aplica la misma pol\u00edtica de protecci\u00f3n de datos especificada en este documento, en cuanto a la recogida, tratamiento y cesi\u00f3n de datos.<\/p><p>El usuario debe comprometerse a:<\/p><ul class=\"wp-block-list\"><li>No publicar informaciones que no respondan a los requisitos de veracidad, inter\u00e9s p\u00fablico y respeto a la dignidad de las personas. En especial, el usuario tendr\u00e1 que evitar toda conducta que pueda atentar contra el principio de no discriminaci\u00f3n por razones de sexo, raza, religi\u00f3n, ideolog\u00eda o cualquier otro circunstancia personal o social, y contra la intimidad, el honor y la propia imagen, siendo el responsable final sobre la veracidad y legalidad de los contenidos que publique<\/li><\/ul><ul class=\"wp-block-list\"><li>No grabar ni publicar im\u00e1genes, v\u00eddeos o cualquier otro tipo de registro sin el consentimiento de los afectados<\/li><\/ul><p>MARIO PONS, S.L. no se identifica con las opiniones expresadas por otros ni con la ideolog\u00eda de los perfiles con los que tenga amistad en ninguna red social.<\/p><p>MARIO PONS, S.L. se reserva el derecho de eliminar de sus redes sociales cualquier informaci\u00f3n publicada por otros que vulnere la legalidad, incite a hacerlo, o contenga mensajes que atenten contra la dignidad de personas o instituciones. As\u00ed como de bloquear o denunciar el perfil autor de estos mensajes.<\/p><p>Recomendaciones a los usuarios\/las usuarias<\/p><ul class=\"wp-block-list\"><li>Revise y lea las condiciones generales de uso y la pol\u00edtica de privacidad de la red social en el momento de registrarse.<\/li><li>Aprenda las posibilidades de configuraci\u00f3n y uso que la red ofrezca.<\/li><li>Configure adecuadamente el grado de privacidad del perfil de usuario en la red social.<\/li><li>No publique informaci\u00f3n excesiva sobre su vida personal y familiar.<\/li><li>Tenga cuidado con la publicaci\u00f3n de contenidos audiovisuales y gr\u00e1ficos en su perfil, especialmente si se alojar\u00e1n im\u00e1genes relativas a terceras personas.<\/li><li>No ofrezca datos de terceros sin el previo consentimiento de \u00e9stos.<\/li><\/ul><p>Las redes sociales gestionadas por MARIO PONS, S.L. son:<\/p><p>Instagram - @lantarrago<\/p>","protected":false},"excerpt":{"rendered":"<p>Alcance de la pol\u00edtica de protecci\u00f3n de datos personales Esta pol\u00edtica de protecci\u00f3n de datos de car\u00e1cter personal abarca cualquier...<\/p>\n","protected":false},"author":1,"featured_media":0,"parent":0,"menu_order":0,"comment_status":"closed","ping_status":"closed","template":"","meta":{"_acf_changed":false,"footnotes":""},"class_list":["post-3","page","type-page","status-publish","hentry"],"acf":[],"yoast_head":"<!-- This site is optimized with the Yoast SEO plugin v27.3 - https:\/\/yoast.com\/product\/yoast-seo-wordpress\/ -->\n<title>Pol\u00edtica de protecci\u00f3n de datos personales - L&#039;Antarrag\u00f3 - Oli d&#039;oliva verge extra<\/title>\n<meta name=\"robots\" content=\"noindex, nofollow\" \/>\n<meta property=\"og:locale\" content=\"es_ES\" \/>\n<meta property=\"og:type\" content=\"article\" \/>\n<meta property=\"og:title\" content=\"Pol\u00edtica de protecci\u00f3n de datos personales - L&#039;Antarrag\u00f3 - Oli d&#039;oliva verge extra\" \/>\n<meta property=\"og:description\" content=\"Alcance de la pol\u00edtica de protecci\u00f3n de datos personales Esta pol\u00edtica de protecci\u00f3n de datos de car\u00e1cter personal abarca cualquier...\" \/>\n<meta property=\"og:url\" content=\"https:\/\/www.lantarrago.com\/es\/politica-de-proteccion-de-datos-personales\/\" \/>\n<meta property=\"og:site_name\" content=\"L&#039;Antarrag\u00f3\" \/>\n<meta property=\"article:modified_time\" content=\"2024-09-12T11:43:43+00:00\" \/>\n<meta name=\"twitter:card\" content=\"summary_large_image\" \/>\n<meta name=\"twitter:label1\" content=\"Tiempo de lectura\" \/>\n\t<meta name=\"twitter:data1\" content=\"8 minutos\" \/>\n<script type=\"application\/ld+json\" class=\"yoast-schema-graph\">{\"@context\":\"https:\\\/\\\/schema.org\",\"@graph\":[{\"@type\":\"WebPage\",\"@id\":\"https:\\\/\\\/www.lantarrago.com\\\/es\\\/politica-de-proteccion-de-datos-personales\\\/\",\"url\":\"https:\\\/\\\/www.lantarrago.com\\\/es\\\/politica-de-proteccion-de-datos-personales\\\/\",\"name\":\"Pol\u00edtica de protecci\u00f3n de datos personales - L&#039;Antarrag\u00f3 - Oli d&#039;oliva verge extra\",\"isPartOf\":{\"@id\":\"https:\\\/\\\/www.lantarrago.com\\\/es\\\/#website\"},\"datePublished\":\"2020-03-21T14:19:26+00:00\",\"dateModified\":\"2024-09-12T11:43:43+00:00\",\"breadcrumb\":{\"@id\":\"https:\\\/\\\/www.lantarrago.com\\\/es\\\/politica-de-proteccion-de-datos-personales\\\/#breadcrumb\"},\"inLanguage\":\"es\",\"potentialAction\":[{\"@type\":\"ReadAction\",\"target\":[\"https:\\\/\\\/www.lantarrago.com\\\/es\\\/politica-de-proteccion-de-datos-personales\\\/\"]}]},{\"@type\":\"BreadcrumbList\",\"@id\":\"https:\\\/\\\/www.lantarrago.com\\\/es\\\/politica-de-proteccion-de-datos-personales\\\/#breadcrumb\",\"itemListElement\":[{\"@type\":\"ListItem\",\"position\":1,\"name\":\"Portada\",\"item\":\"https:\\\/\\\/www.lantarrago.com\\\/es\\\/\"},{\"@type\":\"ListItem\",\"position\":2,\"name\":\"Pol\u00edtica de protecci\u00f3n de datos personales\"}]},{\"@type\":\"WebSite\",\"@id\":\"https:\\\/\\\/www.lantarrago.com\\\/es\\\/#website\",\"url\":\"https:\\\/\\\/www.lantarrago.com\\\/es\\\/\",\"name\":\"L&#039;Antarrag\u00f3\",\"description\":\"Oli d&#039;oliva verge extra\",\"potentialAction\":[{\"@type\":\"SearchAction\",\"target\":{\"@type\":\"EntryPoint\",\"urlTemplate\":\"https:\\\/\\\/www.lantarrago.com\\\/es\\\/?s={search_term_string}\"},\"query-input\":{\"@type\":\"PropertyValueSpecification\",\"valueRequired\":true,\"valueName\":\"search_term_string\"}}],\"inLanguage\":\"es\"}]}<\/script>\n<!-- \/ Yoast SEO plugin. -->","yoast_head_json":{"title":"Pol\u00edtica de protecci\u00f3n de datos personales - L&#039;Antarrag\u00f3 - Oli d&#039;oliva verge extra","robots":{"index":"noindex","follow":"nofollow"},"og_locale":"es_ES","og_type":"article","og_title":"Pol\u00edtica de protecci\u00f3n de datos personales - L&#039;Antarrag\u00f3 - Oli d&#039;oliva verge extra","og_description":"Alcance de la pol\u00edtica de protecci\u00f3n de datos personales Esta pol\u00edtica de protecci\u00f3n de datos de car\u00e1cter personal abarca cualquier...","og_url":"https:\/\/www.lantarrago.com\/es\/politica-de-proteccion-de-datos-personales\/","og_site_name":"L&#039;Antarrag\u00f3","article_modified_time":"2024-09-12T11:43:43+00:00","twitter_card":"summary_large_image","twitter_misc":{"Tiempo de lectura":"8 minutos"},"schema":{"@context":"https:\/\/schema.org","@graph":[{"@type":"WebPage","@id":"https:\/\/www.lantarrago.com\/es\/politica-de-proteccion-de-datos-personales\/","url":"https:\/\/www.lantarrago.com\/es\/politica-de-proteccion-de-datos-personales\/","name":"Pol\u00edtica de protecci\u00f3n de datos personales - L&#039;Antarrag\u00f3 - Oli d&#039;oliva verge extra","isPartOf":{"@id":"https:\/\/www.lantarrago.com\/es\/#website"},"datePublished":"2020-03-21T14:19:26+00:00","dateModified":"2024-09-12T11:43:43+00:00","breadcrumb":{"@id":"https:\/\/www.lantarrago.com\/es\/politica-de-proteccion-de-datos-personales\/#breadcrumb"},"inLanguage":"es","potentialAction":[{"@type":"ReadAction","target":["https:\/\/www.lantarrago.com\/es\/politica-de-proteccion-de-datos-personales\/"]}]},{"@type":"BreadcrumbList","@id":"https:\/\/www.lantarrago.com\/es\/politica-de-proteccion-de-datos-personales\/#breadcrumb","itemListElement":[{"@type":"ListItem","position":1,"name":"Portada","item":"https:\/\/www.lantarrago.com\/es\/"},{"@type":"ListItem","position":2,"name":"Pol\u00edtica de protecci\u00f3n de datos personales"}]},{"@type":"WebSite","@id":"https:\/\/www.lantarrago.com\/es\/#website","url":"https:\/\/www.lantarrago.com\/es\/","name":"L&#039;Antarrag\u00f3","description":"Oli d&#039;oliva verge extra","potentialAction":[{"@type":"SearchAction","target":{"@type":"EntryPoint","urlTemplate":"https:\/\/www.lantarrago.com\/es\/?s={search_term_string}"},"query-input":{"@type":"PropertyValueSpecification","valueRequired":true,"valueName":"search_term_string"}}],"inLanguage":"es"}]}},"_links":{"self":[{"href":"https:\/\/lantarrago.factorianac.com\/es\/wp-json\/wp\/v2\/pages\/3","targetHints":{"allow":["GET"]}}],"collection":[{"href":"https:\/\/lantarrago.factorianac.com\/es\/wp-json\/wp\/v2\/pages"}],"about":[{"href":"https:\/\/lantarrago.factorianac.com\/es\/wp-json\/wp\/v2\/types\/page"}],"author":[{"embeddable":true,"href":"https:\/\/lantarrago.factorianac.com\/es\/wp-json\/wp\/v2\/users\/1"}],"replies":[{"embeddable":true,"href":"https:\/\/lantarrago.factorianac.com\/es\/wp-json\/wp\/v2\/comments?post=3"}],"version-history":[{"count":1,"href":"https:\/\/lantarrago.factorianac.com\/es\/wp-json\/wp\/v2\/pages\/3\/revisions"}],"predecessor-version":[{"id":1398,"href":"https:\/\/lantarrago.factorianac.com\/es\/wp-json\/wp\/v2\/pages\/3\/revisions\/1398"}],"wp:attachment":[{"href":"https:\/\/lantarrago.factorianac.com\/es\/wp-json\/wp\/v2\/media?parent=3"}],"curies":[{"name":"wp","href":"https:\/\/api.w.org\/{rel}","templated":true}]}}