{"id":59,"date":"2020-05-07T12:46:33","date_gmt":"2020-05-07T10:46:33","guid":{"rendered":"https:\/\/lantarrago.factorianac.com\/?page_id=59"},"modified":"2024-09-12T13:43:43","modified_gmt":"2024-09-12T11:43:43","slug":"lantarrago","status":"publish","type":"page","link":"https:\/\/lantarrago.factorianac.com\/es\/lantarrago\/","title":{"rendered":"L'Antarrag\u00f3"},"content":{"rendered":"<h2 class=\"wp-block-heading\" id=\"nom\">El nombre<\/h2><p class=\"mida25\">L\u2019Antarrag\u00f3 debe la fuerza de su nombre a la finca de donde brotan sus frutos. Una zona en plena expansi\u00f3n que recoge los mejores pasajes de las ra\u00edces de una tierra, Castelldans (Lleida). Un emplazamiento \u00fanico donde la arbequina es esencia, los olivos son cultura y el aceite de oliva es car\u00e1cter.<\/p><h2 class=\"wp-block-heading\" id=\"essencia\">La esencia<\/h2><p>L\u2019Antarrag\u00f3 es un producto natural impregnado de la tradici\u00f3n de sus or\u00edgenes, pero con una visi\u00f3n de futuro, moderna y actualizada.<br>Es el resultado de un trabajo preciso, cuidado y a conciencia, que tiene por objetivo extraer la esencia de la arbequina de una forma trabajada, disfrutada y honesta.<\/p><p>La tradici\u00f3n del producto y la modernidad de la t\u00e9cnica, una dicotom\u00eda perfecta.<\/p><h2 class=\"wp-block-heading\" id=\"sabor\">El sabor<\/h2><p>Nuestro aceite de oliva tiene el sabor caracter\u00edstico de oliva arbequina donde los grandes protagonistas son los peque\u00f1os matices.<\/p><p>Notas de hierba reci\u00e9n cortada combinadas con la fragancia caracter\u00edstica de las olivas verdes, todo en equilibrio con un ligero aroma de almendra fresca y de hoja de tomatera.<\/p><p>En boca, el sabor ligero de alcachofa tan caracter\u00edstico de la arbequina. Picante en armon\u00eda con una sensaci\u00f3n afrutada de oliva verde.<\/p><p>Tambi\u00e9n se perciben notas de manzana y pl\u00e1tano que combinan a la perfecci\u00f3n con su alto sabor afrutado. Estas sensaciones dan un aire de gran complejidad y armon\u00eda.<\/p>","protected":false},"excerpt":{"rendered":"<p>El nombre L\u2019Antarrag\u00f3 debe la fuerza de su nombre a la finca de donde brotan sus frutos. Una zona en...<\/p>\n","protected":false},"author":1,"featured_media":0,"parent":0,"menu_order":0,"comment_status":"closed","ping_status":"closed","template":"","meta":{"_acf_changed":false,"footnotes":""},"class_list":["post-59","page","type-page","status-publish","hentry"],"acf":[],"yoast_head":"<!-- This site is optimized with the Yoast SEO plugin v27.3 - https:\/\/yoast.com\/product\/yoast-seo-wordpress\/ -->\n<title>L&#039;Antarrag\u00f3 - L&#039;Antarrag\u00f3 - Oli d&#039;oliva verge extra<\/title>\n<meta name=\"robots\" content=\"index, follow, max-snippet:-1, max-image-preview:large, max-video-preview:-1\" \/>\n<link rel=\"canonical\" href=\"https:\/\/www.lantarrago.com\/es\/lantarrago\/\" \/>\n<meta property=\"og:locale\" content=\"es_ES\" \/>\n<meta property=\"og:type\" content=\"article\" \/>\n<meta property=\"og:title\" content=\"L&#039;Antarrag\u00f3 - L&#039;Antarrag\u00f3 - Oli d&#039;oliva verge extra\" \/>\n<meta property=\"og:description\" content=\"El nombre L\u2019Antarrag\u00f3 debe la fuerza de su nombre a la finca de donde brotan sus frutos. Una zona en...\" \/>\n<meta property=\"og:url\" content=\"https:\/\/www.lantarrago.com\/es\/lantarrago\/\" \/>\n<meta property=\"og:site_name\" content=\"L&#039;Antarrag\u00f3\" \/>\n<meta property=\"article:modified_time\" content=\"2024-09-12T11:43:43+00:00\" \/>\n<meta name=\"twitter:card\" content=\"summary_large_image\" \/>\n<meta name=\"twitter:label1\" content=\"Tiempo de lectura\" \/>\n\t<meta name=\"twitter:data1\" content=\"1 minuto\" \/>\n<script type=\"application\/ld+json\" class=\"yoast-schema-graph\">{\"@context\":\"https:\\\/\\\/schema.org\",\"@graph\":[{\"@type\":\"WebPage\",\"@id\":\"https:\\\/\\\/www.lantarrago.com\\\/es\\\/lantarrago\\\/\",\"url\":\"https:\\\/\\\/www.lantarrago.com\\\/es\\\/lantarrago\\\/\",\"name\":\"L'Antarrag\u00f3 - L&#039;Antarrag\u00f3 - Oli d&#039;oliva verge extra\",\"isPartOf\":{\"@id\":\"https:\\\/\\\/www.lantarrago.com\\\/es\\\/#website\"},\"datePublished\":\"2020-05-07T10:46:33+00:00\",\"dateModified\":\"2024-09-12T11:43:43+00:00\",\"breadcrumb\":{\"@id\":\"https:\\\/\\\/www.lantarrago.com\\\/es\\\/lantarrago\\\/#breadcrumb\"},\"inLanguage\":\"es\",\"potentialAction\":[{\"@type\":\"ReadAction\",\"target\":[\"https:\\\/\\\/www.lantarrago.com\\\/es\\\/lantarrago\\\/\"]}]},{\"@type\":\"BreadcrumbList\",\"@id\":\"https:\\\/\\\/www.lantarrago.com\\\/es\\\/lantarrago\\\/#breadcrumb\",\"itemListElement\":[{\"@type\":\"ListItem\",\"position\":1,\"name\":\"Portada\",\"item\":\"https:\\\/\\\/www.lantarrago.com\\\/es\\\/\"},{\"@type\":\"ListItem\",\"position\":2,\"name\":\"L&#8217;Antarrag\u00f3\"}]},{\"@type\":\"WebSite\",\"@id\":\"https:\\\/\\\/www.lantarrago.com\\\/es\\\/#website\",\"url\":\"https:\\\/\\\/www.lantarrago.com\\\/es\\\/\",\"name\":\"L&#039;Antarrag\u00f3\",\"description\":\"Oli d&#039;oliva verge extra\",\"potentialAction\":[{\"@type\":\"SearchAction\",\"target\":{\"@type\":\"EntryPoint\",\"urlTemplate\":\"https:\\\/\\\/www.lantarrago.com\\\/es\\\/?s={search_term_string}\"},\"query-input\":{\"@type\":\"PropertyValueSpecification\",\"valueRequired\":true,\"valueName\":\"search_term_string\"}}],\"inLanguage\":\"es\"}]}<\/script>\n<!-- \/ Yoast SEO plugin. -->","yoast_head_json":{"title":"L'Antarrag\u00f3 - L&#039;Antarrag\u00f3 - Oli d&#039;oliva verge extra","robots":{"index":"index","follow":"follow","max-snippet":"max-snippet:-1","max-image-preview":"max-image-preview:large","max-video-preview":"max-video-preview:-1"},"canonical":"https:\/\/www.lantarrago.com\/es\/lantarrago\/","og_locale":"es_ES","og_type":"article","og_title":"L'Antarrag\u00f3 - L&#039;Antarrag\u00f3 - Oli d&#039;oliva verge extra","og_description":"El nombre L\u2019Antarrag\u00f3 debe la fuerza de su nombre a la finca de donde brotan sus frutos. Una zona en...","og_url":"https:\/\/www.lantarrago.com\/es\/lantarrago\/","og_site_name":"L&#039;Antarrag\u00f3","article_modified_time":"2024-09-12T11:43:43+00:00","twitter_card":"summary_large_image","twitter_misc":{"Tiempo de lectura":"1 minuto"},"schema":{"@context":"https:\/\/schema.org","@graph":[{"@type":"WebPage","@id":"https:\/\/www.lantarrago.com\/es\/lantarrago\/","url":"https:\/\/www.lantarrago.com\/es\/lantarrago\/","name":"L'Antarrag\u00f3 - L&#039;Antarrag\u00f3 - Oli d&#039;oliva verge extra","isPartOf":{"@id":"https:\/\/www.lantarrago.com\/es\/#website"},"datePublished":"2020-05-07T10:46:33+00:00","dateModified":"2024-09-12T11:43:43+00:00","breadcrumb":{"@id":"https:\/\/www.lantarrago.com\/es\/lantarrago\/#breadcrumb"},"inLanguage":"es","potentialAction":[{"@type":"ReadAction","target":["https:\/\/www.lantarrago.com\/es\/lantarrago\/"]}]},{"@type":"BreadcrumbList","@id":"https:\/\/www.lantarrago.com\/es\/lantarrago\/#breadcrumb","itemListElement":[{"@type":"ListItem","position":1,"name":"Portada","item":"https:\/\/www.lantarrago.com\/es\/"},{"@type":"ListItem","position":2,"name":"L&#8217;Antarrag\u00f3"}]},{"@type":"WebSite","@id":"https:\/\/www.lantarrago.com\/es\/#website","url":"https:\/\/www.lantarrago.com\/es\/","name":"L&#039;Antarrag\u00f3","description":"Oli d&#039;oliva verge extra","potentialAction":[{"@type":"SearchAction","target":{"@type":"EntryPoint","urlTemplate":"https:\/\/www.lantarrago.com\/es\/?s={search_term_string}"},"query-input":{"@type":"PropertyValueSpecification","valueRequired":true,"valueName":"search_term_string"}}],"inLanguage":"es"}]}},"_links":{"self":[{"href":"https:\/\/lantarrago.factorianac.com\/es\/wp-json\/wp\/v2\/pages\/59","targetHints":{"allow":["GET"]}}],"collection":[{"href":"https:\/\/lantarrago.factorianac.com\/es\/wp-json\/wp\/v2\/pages"}],"about":[{"href":"https:\/\/lantarrago.factorianac.com\/es\/wp-json\/wp\/v2\/types\/page"}],"author":[{"embeddable":true,"href":"https:\/\/lantarrago.factorianac.com\/es\/wp-json\/wp\/v2\/users\/1"}],"replies":[{"embeddable":true,"href":"https:\/\/lantarrago.factorianac.com\/es\/wp-json\/wp\/v2\/comments?post=59"}],"version-history":[{"count":1,"href":"https:\/\/lantarrago.factorianac.com\/es\/wp-json\/wp\/v2\/pages\/59\/revisions"}],"predecessor-version":[{"id":1390,"href":"https:\/\/lantarrago.factorianac.com\/es\/wp-json\/wp\/v2\/pages\/59\/revisions\/1390"}],"wp:attachment":[{"href":"https:\/\/lantarrago.factorianac.com\/es\/wp-json\/wp\/v2\/media?parent=59"}],"curies":[{"name":"wp","href":"https:\/\/api.w.org\/{rel}","templated":true}]}}