{"id":648,"date":"2020-11-20T10:50:07","date_gmt":"2020-11-20T09:50:07","guid":{"rendered":"https:\/\/lantarrago.factorianac.com\/es\/?post_type=product&#038;p=648"},"modified":"2025-01-02T09:45:31","modified_gmt":"2025-01-02T08:45:31","slug":"lantarrago-virgen-extra-arbequina-500ml","status":"publish","type":"product","link":"https:\/\/lantarrago.factorianac.com\/es\/producto\/lantarrago-virgen-extra-arbequina-500ml\/","title":{"rendered":"L\u2019Antarrag\u00f3 Virgen Extra Arbequina - 500ml"},"content":{"rendered":"<p>Aceite de Oliva Virgen Extra de categor\u00eda superior.<\/p>\n<p>Producci\u00f3n propia. Aceite de primera extracci\u00f3n, elaborado en fr\u00edo con aceitunas arbequinas procedentes de la finca familiar de Castelldans.<br \/>\nMuy arom\u00e1tico, con toques afrutados de aceituna verde y almendra fresca. Su sabor es dulce, equilibrado y fresco.<\/p>\n","protected":false},"excerpt":{"rendered":"<p>Aceite de Oliva Virgen Extra de categor\u00eda superior. Producci\u00f3n propia. Aceite de primera extracci\u00f3n, elaborado en fr\u00edo con aceitunas arbequinas...<\/p>\n","protected":false},"featured_media":990,"template":"","meta":{"_acf_changed":false},"product_brand":[],"product_cat":[15],"product_tag":[45],"class_list":{"0":"post-648","1":"product","2":"type-product","3":"status-publish","4":"has-post-thumbnail","6":"product_cat-aceite-de-oliva-virgen-extra","7":"product_tag-properament","9":"first","10":"outofstock","11":"taxable","12":"shipping-taxable","13":"product-type-simple"},"bundled_by":["901","905"],"bundle_stock_status":"outofstock","bundle_stock_quantity":0,"bundle_virtual":false,"bundle_layout":"","bundle_add_to_cart_form_location":"","bundle_editable_in_cart":false,"bundle_sold_individually_context":"","bundle_item_grouping":"","bundle_min_size":"","bundle_max_size":"","bundle_price":[],"bundled_items":[],"bundle_sell_ids":[],"group_of_quantity":0,"min_quantity":0,"max_quantity":12,"exclude_order_quantity_value_rules":"no","exclude_category_quantity_rules":"no","combine_variations":"no","acf":[],"yoast_head":"<!-- This site is optimized with the Yoast SEO plugin v27.3 - https:\/\/yoast.com\/product\/yoast-seo-wordpress\/ -->\n<title>L\u2019Antarrag\u00f3 Virgen Extra Arbequina - 500ml - L&#039;Antarrag\u00f3<\/title>\n<meta name=\"description\" content=\"Aceite de Oliva Virgen Extra de categor\u00eda superior. Producci\u00f3n propia. Aceite de primera extracci\u00f3n, elaborado en fr\u00edo.\" \/>\n<meta name=\"robots\" content=\"index, follow, max-snippet:-1, max-image-preview:large, max-video-preview:-1\" \/>\n<link rel=\"canonical\" href=\"https:\/\/www.lantarrago.com\/es\/producto\/lantarrago-virgen-extra-arbequina-500ml\/\" \/>\n<meta property=\"og:locale\" content=\"es_ES\" \/>\n<meta property=\"og:type\" content=\"article\" \/>\n<meta property=\"og:title\" content=\"L\u2019Antarrag\u00f3 Virgen Extra Arbequina - 500ml - L&#039;Antarrag\u00f3\" \/>\n<meta property=\"og:description\" content=\"Aceite de Oliva Virgen Extra de categor\u00eda superior. Producci\u00f3n propia. Aceite de primera extracci\u00f3n, elaborado en fr\u00edo.\" \/>\n<meta property=\"og:url\" content=\"https:\/\/www.lantarrago.com\/es\/producto\/lantarrago-virgen-extra-arbequina-500ml\/\" \/>\n<meta property=\"og:site_name\" content=\"L&#039;Antarrag\u00f3\" \/>\n<meta property=\"article:modified_time\" content=\"2025-01-02T08:45:31+00:00\" \/>\n<meta property=\"og:image\" content=\"https:\/\/www.lantarrago.com\/es\/wp-content\/uploads\/sites\/4\/500ml-sense-fons-sombra-1x1-2.png\" \/>\n\t<meta property=\"og:image:width\" content=\"1800\" \/>\n\t<meta property=\"og:image:height\" content=\"1800\" \/>\n\t<meta property=\"og:image:type\" content=\"image\/png\" \/>\n<meta name=\"twitter:card\" content=\"summary_large_image\" \/>\n<meta name=\"twitter:label1\" content=\"Tiempo de lectura\" \/>\n\t<meta name=\"twitter:data1\" content=\"1 minuto\" \/>\n<script type=\"application\/ld+json\" class=\"yoast-schema-graph\">{\"@context\":\"https:\\\/\\\/schema.org\",\"@graph\":[{\"@type\":\"WebPage\",\"@id\":\"https:\\\/\\\/www.lantarrago.com\\\/es\\\/producto\\\/lantarrago-virgen-extra-arbequina-500ml\\\/\",\"url\":\"https:\\\/\\\/www.lantarrago.com\\\/es\\\/producto\\\/lantarrago-virgen-extra-arbequina-500ml\\\/\",\"name\":\"L\u2019Antarrag\u00f3 Virgen Extra Arbequina - 500ml - L&#039;Antarrag\u00f3\",\"isPartOf\":{\"@id\":\"https:\\\/\\\/www.lantarrago.com\\\/es\\\/#website\"},\"primaryImageOfPage\":{\"@id\":\"https:\\\/\\\/www.lantarrago.com\\\/es\\\/producto\\\/lantarrago-virgen-extra-arbequina-500ml\\\/#primaryimage\"},\"image\":{\"@id\":\"https:\\\/\\\/www.lantarrago.com\\\/es\\\/producto\\\/lantarrago-virgen-extra-arbequina-500ml\\\/#primaryimage\"},\"thumbnailUrl\":\"https:\\\/\\\/lantarrago.factorianac.com\\\/es\\\/wp-content\\\/uploads\\\/sites\\\/4\\\/500ml-sense-fons-sombra-1x1-2.png\",\"datePublished\":\"2020-11-20T09:50:07+00:00\",\"dateModified\":\"2025-01-02T08:45:31+00:00\",\"description\":\"Aceite de Oliva Virgen Extra de categor\u00eda superior. Producci\u00f3n propia. Aceite de primera extracci\u00f3n, elaborado en fr\u00edo.\",\"breadcrumb\":{\"@id\":\"https:\\\/\\\/www.lantarrago.com\\\/es\\\/producto\\\/lantarrago-virgen-extra-arbequina-500ml\\\/#breadcrumb\"},\"inLanguage\":\"es\",\"potentialAction\":[{\"@type\":\"ReadAction\",\"target\":[\"https:\\\/\\\/www.lantarrago.com\\\/es\\\/producto\\\/lantarrago-virgen-extra-arbequina-500ml\\\/\"]}]},{\"@type\":\"ImageObject\",\"inLanguage\":\"es\",\"@id\":\"https:\\\/\\\/www.lantarrago.com\\\/es\\\/producto\\\/lantarrago-virgen-extra-arbequina-500ml\\\/#primaryimage\",\"url\":\"https:\\\/\\\/lantarrago.factorianac.com\\\/es\\\/wp-content\\\/uploads\\\/sites\\\/4\\\/500ml-sense-fons-sombra-1x1-2.png\",\"contentUrl\":\"https:\\\/\\\/lantarrago.factorianac.com\\\/es\\\/wp-content\\\/uploads\\\/sites\\\/4\\\/500ml-sense-fons-sombra-1x1-2.png\",\"width\":1800,\"height\":1800,\"caption\":\"botella 500ml cat\"},{\"@type\":\"BreadcrumbList\",\"@id\":\"https:\\\/\\\/www.lantarrago.com\\\/es\\\/producto\\\/lantarrago-virgen-extra-arbequina-500ml\\\/#breadcrumb\",\"itemListElement\":[{\"@type\":\"ListItem\",\"position\":1,\"name\":\"Portada\",\"item\":\"https:\\\/\\\/www.lantarrago.com\\\/es\\\/\"},{\"@type\":\"ListItem\",\"position\":2,\"name\":\"shop-redirection\",\"item\":\"https:\\\/\\\/www.lantarrago.com\\\/es\\\/shop-redirection\\\/\"},{\"@type\":\"ListItem\",\"position\":3,\"name\":\"L\u2019Antarrag\u00f3 Virgen Extra Arbequina - 500ml\"}]},{\"@type\":\"WebSite\",\"@id\":\"https:\\\/\\\/www.lantarrago.com\\\/es\\\/#website\",\"url\":\"https:\\\/\\\/www.lantarrago.com\\\/es\\\/\",\"name\":\"L&#039;Antarrag\u00f3\",\"description\":\"Oli d&#039;oliva verge extra\",\"potentialAction\":[{\"@type\":\"SearchAction\",\"target\":{\"@type\":\"EntryPoint\",\"urlTemplate\":\"https:\\\/\\\/www.lantarrago.com\\\/es\\\/?s={search_term_string}\"},\"query-input\":{\"@type\":\"PropertyValueSpecification\",\"valueRequired\":true,\"valueName\":\"search_term_string\"}}],\"inLanguage\":\"es\"}]}<\/script>\n<!-- \/ Yoast SEO plugin. -->","yoast_head_json":{"title":"L\u2019Antarrag\u00f3 Virgen Extra Arbequina - 500ml - L&#039;Antarrag\u00f3","description":"Aceite de Oliva Virgen Extra de categor\u00eda superior. Producci\u00f3n propia. Aceite de primera extracci\u00f3n, elaborado en fr\u00edo.","robots":{"index":"index","follow":"follow","max-snippet":"max-snippet:-1","max-image-preview":"max-image-preview:large","max-video-preview":"max-video-preview:-1"},"canonical":"https:\/\/www.lantarrago.com\/es\/producto\/lantarrago-virgen-extra-arbequina-500ml\/","og_locale":"es_ES","og_type":"article","og_title":"L\u2019Antarrag\u00f3 Virgen Extra Arbequina - 500ml - L&#039;Antarrag\u00f3","og_description":"Aceite de Oliva Virgen Extra de categor\u00eda superior. Producci\u00f3n propia. Aceite de primera extracci\u00f3n, elaborado en fr\u00edo.","og_url":"https:\/\/www.lantarrago.com\/es\/producto\/lantarrago-virgen-extra-arbequina-500ml\/","og_site_name":"L&#039;Antarrag\u00f3","article_modified_time":"2025-01-02T08:45:31+00:00","og_image":[{"width":1800,"height":1800,"url":"https:\/\/www.lantarrago.com\/es\/wp-content\/uploads\/sites\/4\/500ml-sense-fons-sombra-1x1-2.png","type":"image\/png"}],"twitter_card":"summary_large_image","twitter_misc":{"Tiempo de lectura":"1 minuto"},"schema":{"@context":"https:\/\/schema.org","@graph":[{"@type":"WebPage","@id":"https:\/\/www.lantarrago.com\/es\/producto\/lantarrago-virgen-extra-arbequina-500ml\/","url":"https:\/\/www.lantarrago.com\/es\/producto\/lantarrago-virgen-extra-arbequina-500ml\/","name":"L\u2019Antarrag\u00f3 Virgen Extra Arbequina - 500ml - L&#039;Antarrag\u00f3","isPartOf":{"@id":"https:\/\/www.lantarrago.com\/es\/#website"},"primaryImageOfPage":{"@id":"https:\/\/www.lantarrago.com\/es\/producto\/lantarrago-virgen-extra-arbequina-500ml\/#primaryimage"},"image":{"@id":"https:\/\/www.lantarrago.com\/es\/producto\/lantarrago-virgen-extra-arbequina-500ml\/#primaryimage"},"thumbnailUrl":"https:\/\/lantarrago.factorianac.com\/es\/wp-content\/uploads\/sites\/4\/500ml-sense-fons-sombra-1x1-2.png","datePublished":"2020-11-20T09:50:07+00:00","dateModified":"2025-01-02T08:45:31+00:00","description":"Aceite de Oliva Virgen Extra de categor\u00eda superior. Producci\u00f3n propia. Aceite de primera extracci\u00f3n, elaborado en fr\u00edo.","breadcrumb":{"@id":"https:\/\/www.lantarrago.com\/es\/producto\/lantarrago-virgen-extra-arbequina-500ml\/#breadcrumb"},"inLanguage":"es","potentialAction":[{"@type":"ReadAction","target":["https:\/\/www.lantarrago.com\/es\/producto\/lantarrago-virgen-extra-arbequina-500ml\/"]}]},{"@type":"ImageObject","inLanguage":"es","@id":"https:\/\/www.lantarrago.com\/es\/producto\/lantarrago-virgen-extra-arbequina-500ml\/#primaryimage","url":"https:\/\/lantarrago.factorianac.com\/es\/wp-content\/uploads\/sites\/4\/500ml-sense-fons-sombra-1x1-2.png","contentUrl":"https:\/\/lantarrago.factorianac.com\/es\/wp-content\/uploads\/sites\/4\/500ml-sense-fons-sombra-1x1-2.png","width":1800,"height":1800,"caption":"botella 500ml cat"},{"@type":"BreadcrumbList","@id":"https:\/\/www.lantarrago.com\/es\/producto\/lantarrago-virgen-extra-arbequina-500ml\/#breadcrumb","itemListElement":[{"@type":"ListItem","position":1,"name":"Portada","item":"https:\/\/www.lantarrago.com\/es\/"},{"@type":"ListItem","position":2,"name":"shop-redirection","item":"https:\/\/www.lantarrago.com\/es\/shop-redirection\/"},{"@type":"ListItem","position":3,"name":"L\u2019Antarrag\u00f3 Virgen Extra Arbequina - 500ml"}]},{"@type":"WebSite","@id":"https:\/\/www.lantarrago.com\/es\/#website","url":"https:\/\/www.lantarrago.com\/es\/","name":"L&#039;Antarrag\u00f3","description":"Oli d&#039;oliva verge extra","potentialAction":[{"@type":"SearchAction","target":{"@type":"EntryPoint","urlTemplate":"https:\/\/www.lantarrago.com\/es\/?s={search_term_string}"},"query-input":{"@type":"PropertyValueSpecification","valueRequired":true,"valueName":"search_term_string"}}],"inLanguage":"es"}]}},"_links":{"self":[{"href":"https:\/\/lantarrago.factorianac.com\/es\/wp-json\/wp\/v2\/product\/648","targetHints":{"allow":["GET"]}}],"collection":[{"href":"https:\/\/lantarrago.factorianac.com\/es\/wp-json\/wp\/v2\/product"}],"about":[{"href":"https:\/\/lantarrago.factorianac.com\/es\/wp-json\/wp\/v2\/types\/product"}],"wp:featuredmedia":[{"embeddable":true,"href":"https:\/\/lantarrago.factorianac.com\/es\/wp-json\/wp\/v2\/media\/990"}],"wp:attachment":[{"href":"https:\/\/lantarrago.factorianac.com\/es\/wp-json\/wp\/v2\/media?parent=648"}],"wp:term":[{"taxonomy":"product_brand","embeddable":true,"href":"https:\/\/lantarrago.factorianac.com\/es\/wp-json\/wp\/v2\/product_brand?post=648"},{"taxonomy":"product_cat","embeddable":true,"href":"https:\/\/lantarrago.factorianac.com\/es\/wp-json\/wp\/v2\/product_cat?post=648"},{"taxonomy":"product_tag","embeddable":true,"href":"https:\/\/lantarrago.factorianac.com\/es\/wp-json\/wp\/v2\/product_tag?post=648"}],"curies":[{"name":"wp","href":"https:\/\/api.w.org\/{rel}","templated":true}]}}